{"id":2,"date":"2026-01-14T09:59:31","date_gmt":"2026-01-14T09:59:31","guid":{"rendered":"https:\/\/dichvunauansaigon.com\/?page_id=2"},"modified":"2026-01-14T10:11:18","modified_gmt":"2026-01-14T10:11:18","slug":"sample-page","status":"publish","type":"page","link":"https:\/\/dichvunauansaigon.com\/","title":{"rendered":"TH\u00d4NG B\u00c1O B\u1ea2O TR\u00cc WEBSITE"},"content":{"rendered":"\n<p>D\u1ecbch v\u1ee5 n\u1ea5u ti\u1ec7c Kim Loan \u0111ang \u0111\u01b0\u1ee3c b\u1ea3o tr\u00ec v\u00e0 c\u1eadp nh\u1eadt giao di\u1ec7n m\u1edbi! Q\u00fay kh\u00e1ch c\u00f3 nhu c\u1ea7u \u0111\u1eb7c ti\u1ec7c vui l\u00f2ng li\u00ean qua hotline: <a href=\"tel:0337493347\">0337493347<\/a> <\/p>\n\n\n\n<p>\u0110\u1ecba ch\u1ec9: 791\/27\/22A Tr\u1ea7n Xu\u00e2n So\u1ea1n, Ph\u01b0\u1eddng T\u00e2n H\u01b0ng, Tp.HCM<\/p>\n\n\n\n<p>Xin c\u1ea3m \u01a1n!<\/p>\n\n\n\n<p><\/p>\n","protected":false},"excerpt":{"rendered":"<p>D\u1ecbch v\u1ee5 n\u1ea5u ti\u1ec7c Kim Loan \u0111ang \u0111\u01b0\u1ee3c b\u1ea3o tr\u00ec v\u00e0 c\u1eadp nh\u1eadt giao di\u1ec7n m\u1edbi! Q\u00fay kh\u00e1ch c\u00f3 nhu c\u1ea7u \u0111\u1eb7c ti\u1ec7c vui l\u00f2ng li\u00ean qua hotline: 0337493347 \u0110\u1ecba ch\u1ec9: 791\/27\/22A Tr\u1ea7n Xu\u00e2n So\u1ea1n, Ph\u01b0\u1eddng T\u00e2n H\u01b0ng, Tp.HCM Xin c\u1ea3m \u01a1n!<\/p>\n","protected":false},"author":1,"featured_media":0,"parent":0,"menu_order":0,"comment_status":"closed","ping_status":"open","template":"","meta":{"footnotes":""},"class_list":["post-2","page","type-page","status-publish","hentry"],"_links":{"self":[{"href":"https:\/\/dichvunauansaigon.com\/index.php\/wp-json\/wp\/v2\/pages\/2","targetHints":{"allow":["GET"]}}],"collection":[{"href":"https:\/\/dichvunauansaigon.com\/index.php\/wp-json\/wp\/v2\/pages"}],"about":[{"href":"https:\/\/dichvunauansaigon.com\/index.php\/wp-json\/wp\/v2\/types\/page"}],"author":[{"embeddable":true,"href":"https:\/\/dichvunauansaigon.com\/index.php\/wp-json\/wp\/v2\/users\/1"}],"replies":[{"embeddable":true,"href":"https:\/\/dichvunauansaigon.com\/index.php\/wp-json\/wp\/v2\/comments?post=2"}],"version-history":[{"count":3,"href":"https:\/\/dichvunauansaigon.com\/index.php\/wp-json\/wp\/v2\/pages\/2\/revisions"}],"predecessor-version":[{"id":10,"href":"https:\/\/dichvunauansaigon.com\/index.php\/wp-json\/wp\/v2\/pages\/2\/revisions\/10"}],"wp:attachment":[{"href":"https:\/\/dichvunauansaigon.com\/index.php\/wp-json\/wp\/v2\/media?parent=2"}],"curies":[{"name":"wp","href":"https:\/\/api.w.org\/{rel}","templated":true}]}}